{"id":139,"date":"2012-03-23T14:02:50","date_gmt":"2012-03-23T14:02:50","guid":{"rendered":"https:\/\/audiophile.ca\/?page_id=139"},"modified":"2012-03-28T19:30:14","modified_gmt":"2012-03-28T19:30:14","slug":"privacy","status":"publish","type":"page","link":"https:\/\/audiophile.ca\/fr\/privacy\/","title":{"rendered":"Politique de confidentialit\u00e9"},"content":{"rendered":"<p><\/p>\n<p>Audiophile.ca, propri\u00e9taire et exploitant de cette site, prend tr\u00e8s au<br \/>\ns\u00e9rieux la protection de vos renseignements personnels. La confiance<br \/>\nque vous nous t\u00e9moignez est le fondement de notre entreprise. La<br \/>\npr\u00e9sente politique d\u00e9crit nos pratiques \u00e0 l&#8217;\u00e9gard des renseignements<br \/>\npersonnels et des donn\u00e9es de compte recueillis sur notre site web.<br \/>\nDans cette politique, les termes \u00ab renseignements personnels \u00bb et \u00ab<br \/>\ndonn\u00e9es de compte \u00bb d\u00e9signent votre nom, le nom de votre entreprise,<br \/>\nvotre num\u00e9ro de compte, votre adresse, votre num\u00e9ro de t\u00e9l\u00e9phone,<br \/>\nvotre adresse \u00e9lectronique, ainsi que diff\u00e9rentes autres informations<br \/>\nqui vous identifient personnellement, et les donn\u00e9es sur vos achats<br \/>\nant\u00e9rieurs. \u00ab Nous \u00bb d\u00e9signe Audiophile.ca.<\/p>\n<p>Nous r\u00e9visons p\u00e9riodiquement l&#8217;\u00e0-propos de cette politique et nous<br \/>\npourrons y apporter, \u00e0 notre discr\u00e9tion, les changements qui<br \/>\ns&#8217;imposeront. Si nous modifions cette politique, nous afficherons ici<br \/>\nles changements apport\u00e9s, de sorte que vous saurez toujours quelles<br \/>\ninformations nous recueillons, quel usage nous en faisons et si nous<br \/>\nles divulguons \u00e0 quiconque. Nous vous invitons donc \u00e0 visiter le site<br \/>\nde temps \u00e0 autre afin de prendre connaissance de tous changements<br \/>\n\u00e9ventuels.<\/p>\n<h3>Quels renseignements personnels et donn\u00e9es de compte recueillons-nous?<\/h3>\n<p>La quantit\u00e9 et le type de renseignements personnels et de donn\u00e9es de<br \/>\ncompte que nous recueillons d\u00e9pend de vos activit\u00e9s et de l&#8217;usage que<br \/>\nvous faites de ce site. Vous trouverez ci-dessous des pr\u00e9cisions sur<br \/>\nles informations que nous recueillons dans des contextes sp\u00e9cifiques.<\/p>\n<h3>Quelles mesures prenons-nous pour prot\u00e9ger vos renseignements personnels?<\/h3>\n<ul>\n<li><strong>\u00bb\u00a0<\/strong> Nous utilisons des m\u00e9canismes de cryptage s\u00fbrs (SSL) pour recevoir et transmettre des renseignements personnels qui peuvent vous identifier directement.<\/li>\n<li><strong>\u00bb\u00a0<\/strong> Nous soumettons r\u00e9guli\u00e8rement nos serveurs \u00e0 des v\u00e9rifications de s\u00e9curit\u00e9 et des mises \u00e0 jour.<\/li>\n<\/ul>\n<h3>Lorsque vous naviguez sur notre site :<\/h3>\n<ul>\n<li><strong>\u00bb\u00a0 Adresse IP :<\/strong> nous recueillons votre adresse IP pour \u00e9valuer la fr\u00e9quentation de notre site et faciliter votre magasinage.<\/li>\n<li><strong>\u00bb\u00a0 Site web de provenance :<\/strong> si vous arrivez sur notre site \u00e0 partir d&#8217;un lien affich\u00e9 sur un autre site, nous notons l&#8217;emplacement du lien qui vous a aiguill\u00e9 vers nous.<\/li>\n<li><strong>\u00bb\u00a0 Navigateur et plate-forme :<\/strong> nous recueillons des informations sur le navigateur que vous utilisez afin d&#8217;optimiser notre site pour les visiteurs.<\/li>\n<li><strong>\u00bb\u00a0 Navigation \u00e0 l&#8217;int\u00e9rieur de notre site :<\/strong> nous notons les pages que vous visitez afin de mieux personnaliser votre visite.<\/li>\n<\/ul>\n<h3>Lorsque vous effectuez des achats par le biais de notre site :<\/h3>\n<ul>\n<li><strong>\u00bb\u00a0<\/strong> Nous recueillons votre nom, votre adresse et les donn\u00e9es de paiement pour traiter votre commande.<\/li>\n<li><strong>\u00bb\u00a0<\/strong> Nous recueillons les informations contenues dans les t\u00e9moins (cookies), afin de personnaliser votre magasinage. Votre navigateur doit donc \u00eatre r\u00e9gl\u00e9 pour accepter les t\u00e9moins si vous voulez ajouter des articles \u00e0 votre panier.<\/li>\n<\/ul>\n<h3>Lorsque vous ouvrez un compte sur notre site web :<\/h3>\n<ul>\n<li><strong>\u00bb\u00a0<\/strong> Nous recueillons votre nom d&#8217;utilisateur, votre mot de passe et votre adresse \u00e9lectronique. Vous pouvez nous aider \u00e0 prot\u00e9ger vos renseignements personnels en ne r\u00e9v\u00e9lant votre nom d&#8217;utilisateur ou mot de passe \u00e0 personne.<\/li>\n<\/ul>\n<h3>Lorsque vous nous contactez par le biais de notre site web :<\/h3>\n<ul>\n<li><strong>\u00bb\u00a0<\/strong> Nous recueillons votre adresse \u00e9lectronique et les autres informations que vous nous fournissez afin de vous r\u00e9pondre.<\/li>\n<\/ul>\n<h3>Mes renseignements personnels et donn\u00e9es de compte sont-ils utilis\u00e9s \u00e0 d&#8217;autres fins?<\/h3>\n<p>Nous utilisons vos renseignements personnels et donn\u00e9es de compte pour vous<br \/>\nfournir les produits ou les services que vous nous avez command\u00e9s, pour<br \/>\nr\u00e9pondre \u00e0 une communication que vous nous avez adress\u00e9e, pour vous contacter<br \/>\nou pour les autres fins indiqu\u00e9es dans la pr\u00e9sente politique.<\/p>\n<p>Nous pourrons, \u00e0 l&#8217;occasion, vous envoyer des informations sur des<br \/>\npromotions ou des produits si vous cochez cette option lors de votre<br \/>\ninscription ou si vous nous en faites la demande. Si vous ne voulez<br \/>\npas recevoir ce type d&#8217;informations, vous pouvez signifier votre<br \/>\nrefus en suivant les instructions fournies dans le courriel. Nous ne<br \/>\nvous enverrons pas d&#8217;informations non sollicit\u00e9es sur des promotions<br \/>\nou des produits.<\/p>\n<h3>Mes renseignements personnels et donn\u00e9es de compte seront-ils divulgu\u00e9s \u00e0 des tiers?<\/h3>\n<p>L&#8217;acc\u00e8s \u00e0 vos renseignements personnels et donn\u00e9es de compte n&#8217;est<br \/>\naccord\u00e9 qu&#8217;\u00e0 ceux qui ont besoin d&#8217;en faire usage, conform\u00e9ment \u00e0 la<br \/>\npr\u00e9sente politique. Toutes les donn\u00e9es de compte sont conserv\u00e9es chez<br \/>\nAudiophile.ca; nous n&#8217;\u00e9changeons, ne vendons ni ne partageons vos<br \/>\ninformations avec personne. Seul notre agent d&#8217;exp\u00e9dition aura votre<br \/>\nnom et vos coordonn\u00e9es (afin de pouvoir livrer votre commande).<\/p>\n<p>De plus, le mot de passe d&#8217;acc\u00e8s \u00e0 votre compte est crypt\u00e9 \u00e0 l&#8217;aide<br \/>\nd&#8217;un proc\u00e9d\u00e9 irr\u00e9versible et est invisible \u00e0 tout notre personnel.<br \/>\nNous ne divulguerons jamais vos autres renseignements personnels et<br \/>\ndonn\u00e9es de compte \u00e0 des tiers, sauf pour nous conformer \u00e0 une<br \/>\nassignation \u00e0 t\u00e9moigner, \u00e0 une ordonnance de tribunal, ou \u00e0 d&#8217;autres<br \/>\nproc\u00e9dures judiciaires, ou pour faire valoir nos droits ou nous<br \/>\nd\u00e9fendre contre des r\u00e9clamations.<\/p>\n<h3>Comment puis-je corriger des informations inexactes?<\/h3>\n<p>Vous pouvez corriger certains renseignements personnels et donn\u00e9es de<br \/>\ncompte conserv\u00e9es dans votre compte \u00e0 l&#8217;aide des outils de gestion de<br \/>\ncompte de notre site web. Pour faire corriger d&#8217;autres informations<br \/>\nou pour toute demande de renseignements se rapportant \u00e0 vos<br \/>\nrenseignements personnels et donn\u00e9es de compte, veuillez nous contacter.<\/p>\n","protected":false},"excerpt":{"rendered":"<p>Audiophile.ca, propri\u00e9taire et exploitant de cette site, prend tr\u00e8s au s\u00e9rieux la protection de vos renseignements personnels. La confiance que vous nous t\u00e9moignez est le fondement de notre entreprise. La pr\u00e9sente politique d\u00e9crit nos pratiques \u00e0 l&#8217;\u00e9gard des renseignements personnels et des donn\u00e9es de compte recueillis sur notre site web. Dans cette politique, les termes [&hellip;]<\/p>\n","protected":false},"author":1,"featured_media":0,"parent":0,"menu_order":0,"comment_status":"closed","ping_status":"closed","template":"","meta":{"footnotes":""},"class_list":["post-139","page","type-page","status-publish","hentry"],"_links":{"self":[{"href":"https:\/\/audiophile.ca\/fr\/wp-json\/wp\/v2\/pages\/139","targetHints":{"allow":["GET"]}}],"collection":[{"href":"https:\/\/audiophile.ca\/fr\/wp-json\/wp\/v2\/pages"}],"about":[{"href":"https:\/\/audiophile.ca\/fr\/wp-json\/wp\/v2\/types\/page"}],"author":[{"embeddable":true,"href":"https:\/\/audiophile.ca\/fr\/wp-json\/wp\/v2\/users\/1"}],"replies":[{"embeddable":true,"href":"https:\/\/audiophile.ca\/fr\/wp-json\/wp\/v2\/comments?post=139"}],"version-history":[{"count":6,"href":"https:\/\/audiophile.ca\/fr\/wp-json\/wp\/v2\/pages\/139\/revisions"}],"predecessor-version":[{"id":143,"href":"https:\/\/audiophile.ca\/fr\/wp-json\/wp\/v2\/pages\/139\/revisions\/143"}],"wp:attachment":[{"href":"https:\/\/audiophile.ca\/fr\/wp-json\/wp\/v2\/media?parent=139"}],"curies":[{"name":"wp","href":"https:\/\/api.w.org\/{rel}","templated":true}]}}