{"id":161,"date":"2012-03-28T17:40:22","date_gmt":"2012-03-28T17:40:22","guid":{"rendered":"https:\/\/audiophile.ca\/?page_id=161"},"modified":"2012-03-28T18:19:02","modified_gmt":"2012-03-28T18:19:02","slug":"contact","status":"publish","type":"page","link":"https:\/\/audiophile.ca\/fr\/contact\/","title":{"rendered":"Contactez-nous"},"content":{"rendered":"<p>Vous avez des questions \u00e0 propos de nos services, de la confidentialit\u00e9 et d&#8217;\u00e9ventuels partenariats? N&#8217;h\u00e9sitez pas \u00e0 nous contacter.<\/p>\n<p><img loading=\"lazy\" decoding=\"async\" src=\"https:\/\/audiophile.ca\/wp-content\/uploads\/2012\/03\/t-shirt_gang.jpg\" alt=\"T-Shirt gang at Salon Son &amp; Image\" title=\"T-Shirt gang at Salon Son &amp; Image\" class=\"size-full wp-image-168 alignright\" height=\"249\" width=\"380\" srcset=\"https:\/\/audiophile.ca\/wp-content\/uploads\/2012\/03\/t-shirt_gang.jpg 380w, https:\/\/audiophile.ca\/wp-content\/uploads\/2012\/03\/t-shirt_gang-300x196.jpg 300w\" sizes=\"auto, (max-width: 380px) 100vw, 380px\" \/><br \/>\n[contact-form-7 id=&#8221;159&#8243; title=&#8221;Contactez-nous&#8221;]<\/p>\n","protected":false},"excerpt":{"rendered":"<p>Vous avez des questions \u00e0 propos de nos services, de la confidentialit\u00e9 et d&#8217;\u00e9ventuels partenariats? N&#8217;h\u00e9sitez pas \u00e0 nous contacter. [contact-form-7 id=&#8221;159&#8243; title=&#8221;Contactez-nous&#8221;]<\/p>\n","protected":false},"author":1,"featured_media":0,"parent":0,"menu_order":0,"comment_status":"closed","ping_status":"closed","template":"","meta":{"footnotes":""},"class_list":["post-161","page","type-page","status-publish","hentry"],"_links":{"self":[{"href":"https:\/\/audiophile.ca\/fr\/wp-json\/wp\/v2\/pages\/161","targetHints":{"allow":["GET"]}}],"collection":[{"href":"https:\/\/audiophile.ca\/fr\/wp-json\/wp\/v2\/pages"}],"about":[{"href":"https:\/\/audiophile.ca\/fr\/wp-json\/wp\/v2\/types\/page"}],"author":[{"embeddable":true,"href":"https:\/\/audiophile.ca\/fr\/wp-json\/wp\/v2\/users\/1"}],"replies":[{"embeddable":true,"href":"https:\/\/audiophile.ca\/fr\/wp-json\/wp\/v2\/comments?post=161"}],"version-history":[{"count":3,"href":"https:\/\/audiophile.ca\/fr\/wp-json\/wp\/v2\/pages\/161\/revisions"}],"predecessor-version":[{"id":164,"href":"https:\/\/audiophile.ca\/fr\/wp-json\/wp\/v2\/pages\/161\/revisions\/164"}],"wp:attachment":[{"href":"https:\/\/audiophile.ca\/fr\/wp-json\/wp\/v2\/media?parent=161"}],"curies":[{"name":"wp","href":"https:\/\/api.w.org\/{rel}","templated":true}]}}