{"id":27,"date":"2012-01-24T22:14:39","date_gmt":"2012-01-24T22:14:39","guid":{"rendered":"https:\/\/audiophile.ca\/?page_id=27"},"modified":"2014-11-20T21:05:11","modified_gmt":"2014-11-21T02:05:11","slug":"bienvenue-%c3%a0-audiophile-ca","status":"publish","type":"page","link":"https:\/\/audiophile.ca\/fr\/bienvenue-%c3%a0-audiophile-ca\/","title":{"rendered":"A propos audiophile.ca"},"content":{"rendered":"<p>\n<img loading=\"lazy\" decoding=\"async\" src=\"https:\/\/audiophile.ca\/wp-content\/uploads\/2012\/01\/cello_bow.jpg\" alt=\"Violoncelle\" title=\"Violoncelle\" class=\"alignright size-full wp-image-174\" height=\"307\" width=\"200\" \/>Vous trouverez ici des gens aux int\u00e9r\u00eats vari\u00e9s : des compositeurs, des passionn\u00e9s d\u2019audio de tr\u00e8s grande qualit\u00e9 (analogique et num\u00e9rique), des fabricants d\u2019instruments, des m\u00e9lomanes, des musiciens, des ing\u00e9nieurs du son, des maisons de disque et des fabricants de mat\u00e9riel audio, entre autres.<\/p>\n<p>Audiophile.ca vous offre des possibilit\u00e9s d\u2019\u00e9change et de partage dans un lieu garantissant le plus haut niveau de protection de votre vie priv\u00e9e et de vos donn\u00e9es.<\/p>\n<p>Chez nous, vous pourrez, en toute confidentialit\u00e9 et sans publicit\u00e9 :<\/p>\n<\/p>\n<ul>\n<li>Vous entretenir avec des fabricants de mat\u00e9riel et des fournisseurs de services<\/li>\n<li>Discuter de vos enregistrements favoris avec d\u2019autres m\u00e9lomanes<\/li>\n<li>Parler de mat\u00e9riel audio avec des audiophiles chevronn\u00e9s et de vrais connaisseurs<\/li>\n<li>Suivre les activit\u00e9s de musiciens professionnels<\/li>\n<\/ul>\n<p>Curieux d\u2019en d\u00e9couvrir davantage? Cr\u00e9ez votre compte et joignez-vous \u00e0 nous! C\u2019est gratuit!<\/p>\n","protected":false},"excerpt":{"rendered":"<p>Vous trouverez ici des gens aux int\u00e9r\u00eats vari\u00e9s : des compositeurs, des passionn\u00e9s d\u2019audio de tr\u00e8s grande qualit\u00e9 (analogique et num\u00e9rique), des fabricants d\u2019instruments, des m\u00e9lomanes, des musiciens, des ing\u00e9nieurs du son, des maisons de disque et des fabricants de mat\u00e9riel audio, entre autres. Audiophile.ca vous offre des possibilit\u00e9s d\u2019\u00e9change et de partage dans un [&hellip;]<\/p>\n","protected":false},"author":1,"featured_media":0,"parent":0,"menu_order":0,"comment_status":"closed","ping_status":"closed","template":"","meta":{"footnotes":""},"class_list":["post-27","page","type-page","status-publish","hentry"],"_links":{"self":[{"href":"https:\/\/audiophile.ca\/fr\/wp-json\/wp\/v2\/pages\/27","targetHints":{"allow":["GET"]}}],"collection":[{"href":"https:\/\/audiophile.ca\/fr\/wp-json\/wp\/v2\/pages"}],"about":[{"href":"https:\/\/audiophile.ca\/fr\/wp-json\/wp\/v2\/types\/page"}],"author":[{"embeddable":true,"href":"https:\/\/audiophile.ca\/fr\/wp-json\/wp\/v2\/users\/1"}],"replies":[{"embeddable":true,"href":"https:\/\/audiophile.ca\/fr\/wp-json\/wp\/v2\/comments?post=27"}],"version-history":[{"count":18,"href":"https:\/\/audiophile.ca\/fr\/wp-json\/wp\/v2\/pages\/27\/revisions"}],"predecessor-version":[{"id":542,"href":"https:\/\/audiophile.ca\/fr\/wp-json\/wp\/v2\/pages\/27\/revisions\/542"}],"wp:attachment":[{"href":"https:\/\/audiophile.ca\/fr\/wp-json\/wp\/v2\/media?parent=27"}],"curies":[{"name":"wp","href":"https:\/\/api.w.org\/{rel}","templated":true}]}}